{"id":1049,"date":"2025-07-24T22:03:39","date_gmt":"2025-07-24T19:03:39","guid":{"rendered":"https:\/\/kanapinekrautuvele.lt\/?post_type=product&#038;p=1049"},"modified":"2025-09-15T21:35:34","modified_gmt":"2025-09-15T18:35:34","slug":"hasisas-holy-hash","status":"publish","type":"product","link":"https:\/\/kanapinekrautuvele.lt\/en\/product\/hasisas-holy-hash\/","title":{"rendered":"Hashish \"HOLY HASH\""},"content":{"rendered":"<div>\n<div>\n<p><span style=\"font-family: arial, sans-serif;\">Discover CBN Hashish HOLY HASH - the highest quality cannabis resin, appreciated by true cannabis connoisseurs. HOLY HASH is produced using a meticulous dry-screening process that produces an ultra-pure trichome concentrate with no additional impurities or plant residues. The result is a smooth, pleasantly aromatic hash with a high CBN content.<\/span><\/p>\n<p>&nbsp;<\/p>\n<\/div>\n<\/div>\n<div><strong>Quantity:<\/strong>\u00a01 g.<br \/>\n<strong>CBN concentration:<\/strong> 24,98 %<\/div>\n<div><strong>Usage: <\/strong>HOLY HASH CBN is distinguished not only by its darker colour, but also by its extremely soft, almost buttery texture. It is perfect for mixing with herbs or for collecting. Thanks to its low THC level, this product is legal in most European countries and CBN provides a calming, balanced effect that helps you relax and calm down.<\/div>","protected":false},"excerpt":{"rendered":"<p>Atraskite CBN ha\u0161i\u0161\u0105 HOLY HASH \u2013 auk\u0161\u010diausios kokyb\u0117s kanapi\u0173 derv\u0105, kuri\u0105 vertina tikri kanapi\u0173 \u017einovai. HOLY HASH gaminamas naudojant itin kruop\u0161t\u0173 saus\u0105 sijojimo proces\u0105, kuris leid\u017eia i\u0161gauti itin gryn\u0105 trichom\u0173 koncentrat\u0105 be papildom\u0173 priemai\u0161\u0173 ar augalini\u0173 liku\u010di\u0173. Rezultatas \u2013 \u0161velnios konsistencijos, maloniai aromatingas ha\u0161i\u0161as su auk\u0161tu CBN kiekiu. &nbsp; Kiekis:\u00a01 g. CBN koncentracija: 24,98 % [&hellip;]<\/p>\n","protected":false},"featured_media":1053,"comment_status":"open","ping_status":"closed","template":"","meta":{"_acf_changed":false,"_seopress_robots_primary_cat":"none","_seopress_titles_title":"","_seopress_titles_desc":"","_seopress_robots_index":"","_seopress_analysis_target_kw":""},"product_brand":[],"product_cat":[40,20],"product_tag":[],"class_list":{"0":"post-1049","1":"product","2":"type-product","3":"status-publish","4":"has-post-thumbnail","6":"product_cat-hasisas","7":"product_cat-visi-produktai","9":"first","10":"outofstock","11":"shipping-taxable","12":"purchasable","13":"product-type-simple"},"acf":[],"_links":{"self":[{"href":"https:\/\/kanapinekrautuvele.lt\/en\/wp-json\/wp\/v2\/product\/1049","targetHints":{"allow":["GET"]}}],"collection":[{"href":"https:\/\/kanapinekrautuvele.lt\/en\/wp-json\/wp\/v2\/product"}],"about":[{"href":"https:\/\/kanapinekrautuvele.lt\/en\/wp-json\/wp\/v2\/types\/product"}],"replies":[{"embeddable":true,"href":"https:\/\/kanapinekrautuvele.lt\/en\/wp-json\/wp\/v2\/comments?post=1049"}],"wp:featuredmedia":[{"embeddable":true,"href":"https:\/\/kanapinekrautuvele.lt\/en\/wp-json\/wp\/v2\/media\/1053"}],"wp:attachment":[{"href":"https:\/\/kanapinekrautuvele.lt\/en\/wp-json\/wp\/v2\/media?parent=1049"}],"wp:term":[{"taxonomy":"product_brand","embeddable":true,"href":"https:\/\/kanapinekrautuvele.lt\/en\/wp-json\/wp\/v2\/product_brand?post=1049"},{"taxonomy":"product_cat","embeddable":true,"href":"https:\/\/kanapinekrautuvele.lt\/en\/wp-json\/wp\/v2\/product_cat?post=1049"},{"taxonomy":"product_tag","embeddable":true,"href":"https:\/\/kanapinekrautuvele.lt\/en\/wp-json\/wp\/v2\/product_tag?post=1049"}],"curies":[{"name":"wp","href":"https:\/\/api.w.org\/{rel}","templated":true}]}}