{"id":1054,"date":"2025-07-24T22:06:32","date_gmt":"2025-07-24T19:06:32","guid":{"rendered":"https:\/\/kanapinekrautuvele.lt\/?post_type=product&#038;p=1054"},"modified":"2025-09-15T21:52:14","modified_gmt":"2025-09-15T18:52:14","slug":"hasisas-buddha-brownie","status":"publish","type":"product","link":"https:\/\/kanapinekrautuvele.lt\/en\/product\/hasisas-buddha-brownie\/","title":{"rendered":"Hashish \"BUDDHA BROWNIE\""},"content":{"rendered":"<div>\n<div>\n<div>\n<div>\n<p><span style=\"font-family: arial, sans-serif;\">Discover CBG hashish\u00a0<\/span> BUDDHA BROWNS\u00a0\u00a0<span style=\"font-family: arial, sans-serif;\">\u00a0- premium cannabis resin, prized by true cannabis connoisseurs.\u00a0<\/span> BUDDHA BROWNS\u00a0<span style=\"font-family: arial, sans-serif;\"> is produced using an extremely careful dry sieving process that produces a highly pure trichome concentrate without additional impurities or plant residues. The result is a smooth, pleasantly aromatic hashish with a high CBG content.<\/span><\/p>\n<p>&nbsp;<\/p>\n<\/div>\n<\/div>\n<div><strong>Quantity:<\/strong>\u00a01 g.<br \/>\n<strong>CBG concentration:<\/strong> 13,45 %<\/div>\n<div><strong>Usage:<\/strong> BUDDHA BROWNIE CBG is distinguished not only by its colour, but also by its extremely soft, almost buttery texture. It is perfect for mixing with herbs or for collecting. Thanks to its low THC level, it is legal in most European countries and CBG provides a relaxing, balanced effect that helps you concentrate and calm down.<\/div>\n<\/div>\n<\/div>","protected":false},"excerpt":{"rendered":"<p>Atraskite\u00a0CBG ha\u0161i\u0161\u0105\u00a0 BUDDHA BROWNIE\u00a0\u00a0\u00a0\u2013 auk\u0161\u010diausios kokyb\u0117s kanapi\u0173 derv\u0105, kuri\u0105 vertina tikri kanapi\u0173 \u017einovai.\u00a0 BUDDHA BROWNIE\u00a0 gaminamas naudojant itin kruop\u0161t\u0173 saus\u0105 sijojimo proces\u0105, kuris leid\u017eia i\u0161gauti itin gryn\u0105 trichom\u0173 koncentrat\u0105 be papildom\u0173 priemai\u0161\u0173 ar augalini\u0173 liku\u010di\u0173. Rezultatas \u2013 \u0161velnios konsistencijos, maloniai aromatingas ha\u0161i\u0161as su auk\u0161tu CBG kiekiu. &nbsp; Kiekis:\u00a01 g. CBG koncentracija: 13,45 % Naudojimas: BUDDHA [&hellip;]<\/p>\n","protected":false},"featured_media":1057,"comment_status":"open","ping_status":"closed","template":"","meta":{"_acf_changed":false,"_seopress_robots_primary_cat":"none","_seopress_titles_title":"","_seopress_titles_desc":"","_seopress_robots_index":"","_seopress_analysis_target_kw":""},"product_brand":[],"product_cat":[40,20],"product_tag":[],"class_list":{"0":"post-1054","1":"product","2":"type-product","3":"status-publish","4":"has-post-thumbnail","6":"product_cat-hasisas","7":"product_cat-visi-produktai","9":"first","10":"outofstock","11":"shipping-taxable","12":"purchasable","13":"product-type-simple"},"acf":[],"_links":{"self":[{"href":"https:\/\/kanapinekrautuvele.lt\/en\/wp-json\/wp\/v2\/product\/1054","targetHints":{"allow":["GET"]}}],"collection":[{"href":"https:\/\/kanapinekrautuvele.lt\/en\/wp-json\/wp\/v2\/product"}],"about":[{"href":"https:\/\/kanapinekrautuvele.lt\/en\/wp-json\/wp\/v2\/types\/product"}],"replies":[{"embeddable":true,"href":"https:\/\/kanapinekrautuvele.lt\/en\/wp-json\/wp\/v2\/comments?post=1054"}],"wp:featuredmedia":[{"embeddable":true,"href":"https:\/\/kanapinekrautuvele.lt\/en\/wp-json\/wp\/v2\/media\/1057"}],"wp:attachment":[{"href":"https:\/\/kanapinekrautuvele.lt\/en\/wp-json\/wp\/v2\/media?parent=1054"}],"wp:term":[{"taxonomy":"product_brand","embeddable":true,"href":"https:\/\/kanapinekrautuvele.lt\/en\/wp-json\/wp\/v2\/product_brand?post=1054"},{"taxonomy":"product_cat","embeddable":true,"href":"https:\/\/kanapinekrautuvele.lt\/en\/wp-json\/wp\/v2\/product_cat?post=1054"},{"taxonomy":"product_tag","embeddable":true,"href":"https:\/\/kanapinekrautuvele.lt\/en\/wp-json\/wp\/v2\/product_tag?post=1054"}],"curies":[{"name":"wp","href":"https:\/\/api.w.org\/{rel}","templated":true}]}}