{"id":1224,"date":"2025-11-17T23:09:55","date_gmt":"2025-11-17T21:09:55","guid":{"rendered":"https:\/\/kanapinekrautuvele.lt\/?post_type=product&#038;p=1224"},"modified":"2025-11-17T23:09:56","modified_gmt":"2025-11-17T21:09:56","slug":"hasisas-golden-press","status":"publish","type":"product","link":"https:\/\/kanapinekrautuvele.lt\/en\/product\/hasisas-golden-press\/","title":{"rendered":"Ha\u0161i\u0161as \"GOLDEN PRESS\""},"content":{"rendered":"<div>\n<p>Atraskite CBD ha\u0161i\u0161\u0105 GOLDEN PRESS \u2013 auk\u0161\u010diausios kokyb\u0117s kanapi\u0173 derv\u0105, kuri\u0105 vertina tikri kanapi\u0173 \u017einovai. GOLDEN PRESS gaminamas naudojant itin kruop\u0161t\u0173 saus\u0105 sijojimo proces\u0105, kuris leid\u017eia i\u0161gauti itin gryn\u0105 trichom\u0173 koncentrat\u0105 be papildom\u0173 priemai\u0161\u0173 ar augalini\u0173 liku\u010di\u0173. Rezultatas \u2013 \u0161velnios konsistencijos, maloniai aromatingas ha\u0161i\u0161as su auk\u0161tu CBD kiekiu.<\/p>\n<p><strong>Quantity:<\/strong>\u00a01 g.<\/p>\n<\/div>\n<div><\/div>","protected":false},"excerpt":{"rendered":"<p>Atraskite CBD ha\u0161i\u0161\u0105 GOLDEN PRESS \u2013 auk\u0161\u010diausios kokyb\u0117s kanapi\u0173 derv\u0105, kuri\u0105 vertina tikri kanapi\u0173 \u017einovai. GOLDEN PRESS gaminamas naudojant itin kruop\u0161t\u0173 saus\u0105 sijojimo proces\u0105, kuris leid\u017eia i\u0161gauti itin gryn\u0105 trichom\u0173 koncentrat\u0105 be papildom\u0173 priemai\u0161\u0173 ar augalini\u0173 liku\u010di\u0173. Rezultatas \u2013 \u0161velnios konsistencijos, maloniai aromatingas ha\u0161i\u0161as su auk\u0161tu CBD kiekiu. Kiekis:\u00a01 g.<\/p>","protected":false},"featured_media":1048,"comment_status":"open","ping_status":"closed","template":"","meta":{"_acf_changed":false,"_seopress_robots_primary_cat":"none","_seopress_titles_title":"","_seopress_titles_desc":"","_seopress_robots_index":"","_seopress_analysis_target_kw":""},"product_brand":[],"product_cat":[39,40,20],"product_tag":[],"class_list":{"0":"post-1224","1":"product","2":"type-product","3":"status-publish","4":"has-post-thumbnail","6":"product_cat-cbd-hasisas","7":"product_cat-hasisas","8":"product_cat-visi-produktai","10":"first","11":"instock","12":"shipping-taxable","13":"purchasable","14":"product-type-simple"},"acf":[],"_links":{"self":[{"href":"https:\/\/kanapinekrautuvele.lt\/en\/wp-json\/wp\/v2\/product\/1224","targetHints":{"allow":["GET"]}}],"collection":[{"href":"https:\/\/kanapinekrautuvele.lt\/en\/wp-json\/wp\/v2\/product"}],"about":[{"href":"https:\/\/kanapinekrautuvele.lt\/en\/wp-json\/wp\/v2\/types\/product"}],"replies":[{"embeddable":true,"href":"https:\/\/kanapinekrautuvele.lt\/en\/wp-json\/wp\/v2\/comments?post=1224"}],"wp:featuredmedia":[{"embeddable":true,"href":"https:\/\/kanapinekrautuvele.lt\/en\/wp-json\/wp\/v2\/media\/1048"}],"wp:attachment":[{"href":"https:\/\/kanapinekrautuvele.lt\/en\/wp-json\/wp\/v2\/media?parent=1224"}],"wp:term":[{"taxonomy":"product_brand","embeddable":true,"href":"https:\/\/kanapinekrautuvele.lt\/en\/wp-json\/wp\/v2\/product_brand?post=1224"},{"taxonomy":"product_cat","embeddable":true,"href":"https:\/\/kanapinekrautuvele.lt\/en\/wp-json\/wp\/v2\/product_cat?post=1224"},{"taxonomy":"product_tag","embeddable":true,"href":"https:\/\/kanapinekrautuvele.lt\/en\/wp-json\/wp\/v2\/product_tag?post=1224"}],"curies":[{"name":"wp","href":"https:\/\/api.w.org\/{rel}","templated":true}]}}