{"id":1262,"date":"2025-12-10T16:31:30","date_gmt":"2025-12-10T14:31:30","guid":{"rendered":"https:\/\/kanapinekrautuvele.lt\/?post_type=product&#038;p=1262"},"modified":"2025-12-10T16:31:30","modified_gmt":"2025-12-10T14:31:30","slug":"kanapinis-pesto","status":"publish","type":"product","link":"https:\/\/kanapinekrautuvele.lt\/en\/product\/kanapinis-pesto\/","title":{"rendered":"Kanapinis pesto"},"content":{"rendered":"<p>Viename \u0161auk\u0161te yra viena porcija CBD ekstrakto.<\/p>\n<p>Produktas i\u0161 100% nat\u016brali\u0173 ingridient\u0173.<\/p>","protected":false},"excerpt":{"rendered":"<p>Kanapinis pesto su bazilikais, CBD ekstraktu ir kanapi\u0173 branduoliais.<\/p>","protected":false},"featured_media":1265,"comment_status":"open","ping_status":"closed","template":"","meta":{"_acf_changed":false,"_seopress_robots_primary_cat":"","_seopress_titles_title":"","_seopress_titles_desc":"","_seopress_robots_index":"","_seopress_analysis_target_kw":""},"product_brand":[],"product_cat":[25,28,20],"product_tag":[],"class_list":{"0":"post-1262","1":"product","2":"type-product","3":"status-publish","4":"has-post-thumbnail","6":"product_cat-kitos-prekes","7":"product_cat-maisto-priedai","8":"product_cat-visi-produktai","10":"first","11":"instock","12":"shipping-taxable","13":"purchasable","14":"product-type-simple"},"acf":[],"_links":{"self":[{"href":"https:\/\/kanapinekrautuvele.lt\/en\/wp-json\/wp\/v2\/product\/1262","targetHints":{"allow":["GET"]}}],"collection":[{"href":"https:\/\/kanapinekrautuvele.lt\/en\/wp-json\/wp\/v2\/product"}],"about":[{"href":"https:\/\/kanapinekrautuvele.lt\/en\/wp-json\/wp\/v2\/types\/product"}],"replies":[{"embeddable":true,"href":"https:\/\/kanapinekrautuvele.lt\/en\/wp-json\/wp\/v2\/comments?post=1262"}],"wp:featuredmedia":[{"embeddable":true,"href":"https:\/\/kanapinekrautuvele.lt\/en\/wp-json\/wp\/v2\/media\/1265"}],"wp:attachment":[{"href":"https:\/\/kanapinekrautuvele.lt\/en\/wp-json\/wp\/v2\/media?parent=1262"}],"wp:term":[{"taxonomy":"product_brand","embeddable":true,"href":"https:\/\/kanapinekrautuvele.lt\/en\/wp-json\/wp\/v2\/product_brand?post=1262"},{"taxonomy":"product_cat","embeddable":true,"href":"https:\/\/kanapinekrautuvele.lt\/en\/wp-json\/wp\/v2\/product_cat?post=1262"},{"taxonomy":"product_tag","embeddable":true,"href":"https:\/\/kanapinekrautuvele.lt\/en\/wp-json\/wp\/v2\/product_tag?post=1262"}],"curies":[{"name":"wp","href":"https:\/\/api.w.org\/{rel}","templated":true}]}}