{"id":1286,"date":"2025-12-17T19:19:42","date_gmt":"2025-12-17T17:19:42","guid":{"rendered":"https:\/\/kanapinekrautuvele.lt\/?post_type=product&#038;p=1286"},"modified":"2025-12-17T19:19:42","modified_gmt":"2025-12-17T17:19:42","slug":"ruzavas-ziedu-smulkintuvas-monkey-king","status":"publish","type":"product","link":"https:\/\/kanapinekrautuvele.lt\/en\/product\/ruzavas-ziedu-smulkintuvas-monkey-king\/","title":{"rendered":"R\u016b\u017eavas \u017eied\u0173 smulkintuvas \"Monkey King\""},"content":{"rendered":"","protected":false},"excerpt":{"rendered":"","protected":false},"featured_media":1289,"comment_status":"open","ping_status":"closed","template":"","meta":{"_acf_changed":false,"_seopress_robots_primary_cat":"","_seopress_titles_title":"","_seopress_titles_desc":"","_seopress_robots_index":"","_seopress_analysis_target_kw":""},"product_brand":[],"product_cat":[43,20],"product_tag":[],"class_list":{"0":"post-1286","1":"product","2":"type-product","3":"status-publish","4":"has-post-thumbnail","6":"product_cat-aksesuarai","7":"product_cat-visi-produktai","9":"first","10":"instock","11":"shipping-taxable","12":"purchasable","13":"product-type-simple"},"acf":[],"_links":{"self":[{"href":"https:\/\/kanapinekrautuvele.lt\/en\/wp-json\/wp\/v2\/product\/1286","targetHints":{"allow":["GET"]}}],"collection":[{"href":"https:\/\/kanapinekrautuvele.lt\/en\/wp-json\/wp\/v2\/product"}],"about":[{"href":"https:\/\/kanapinekrautuvele.lt\/en\/wp-json\/wp\/v2\/types\/product"}],"replies":[{"embeddable":true,"href":"https:\/\/kanapinekrautuvele.lt\/en\/wp-json\/wp\/v2\/comments?post=1286"}],"wp:featuredmedia":[{"embeddable":true,"href":"https:\/\/kanapinekrautuvele.lt\/en\/wp-json\/wp\/v2\/media\/1289"}],"wp:attachment":[{"href":"https:\/\/kanapinekrautuvele.lt\/en\/wp-json\/wp\/v2\/media?parent=1286"}],"wp:term":[{"taxonomy":"product_brand","embeddable":true,"href":"https:\/\/kanapinekrautuvele.lt\/en\/wp-json\/wp\/v2\/product_brand?post=1286"},{"taxonomy":"product_cat","embeddable":true,"href":"https:\/\/kanapinekrautuvele.lt\/en\/wp-json\/wp\/v2\/product_cat?post=1286"},{"taxonomy":"product_tag","embeddable":true,"href":"https:\/\/kanapinekrautuvele.lt\/en\/wp-json\/wp\/v2\/product_tag?post=1286"}],"curies":[{"name":"wp","href":"https:\/\/api.w.org\/{rel}","templated":true}]}}