{"id":1412,"date":"2026-04-01T12:36:25","date_gmt":"2026-04-01T09:36:25","guid":{"rendered":"https:\/\/kanapinekrautuvele.lt\/?post_type=product&#038;p=1412"},"modified":"2026-04-01T12:39:05","modified_gmt":"2026-04-01T09:39:05","slug":"pluostines-kanapes-ziedai-cereal-milk-1g","status":"publish","type":"product","link":"https:\/\/kanapinekrautuvele.lt\/en\/product\/pluostines-kanapes-ziedai-cereal-milk-1g\/","title":{"rendered":"Pluo\u0161tin\u0117s kanap\u0117s \u017eiedai \"Cereal milk\" 1g."},"content":{"rendered":"<p><strong>Quantity:<\/strong> 1 g.<\/p>","protected":false},"excerpt":{"rendered":"<p>Kiekis: 1 g.<\/p>","protected":false},"featured_media":1372,"comment_status":"open","ping_status":"closed","template":"","meta":{"_acf_changed":false,"_seopress_robots_primary_cat":"none","_seopress_titles_title":"","_seopress_titles_desc":"","_seopress_robots_index":""},"product_brand":[],"product_cat":[24,37,20],"product_tag":[],"class_list":{"0":"post-1412","1":"product","2":"type-product","3":"status-publish","4":"has-post-thumbnail","6":"product_cat-cbd-ziedai","7":"product_cat-pluostines-kanapes-ziedai","8":"product_cat-visi-produktai","10":"first","11":"instock","12":"shipping-taxable","13":"purchasable","14":"product-type-simple"},"acf":[],"_links":{"self":[{"href":"https:\/\/kanapinekrautuvele.lt\/en\/wp-json\/wp\/v2\/product\/1412","targetHints":{"allow":["GET"]}}],"collection":[{"href":"https:\/\/kanapinekrautuvele.lt\/en\/wp-json\/wp\/v2\/product"}],"about":[{"href":"https:\/\/kanapinekrautuvele.lt\/en\/wp-json\/wp\/v2\/types\/product"}],"replies":[{"embeddable":true,"href":"https:\/\/kanapinekrautuvele.lt\/en\/wp-json\/wp\/v2\/comments?post=1412"}],"wp:featuredmedia":[{"embeddable":true,"href":"https:\/\/kanapinekrautuvele.lt\/en\/wp-json\/wp\/v2\/media\/1372"}],"wp:attachment":[{"href":"https:\/\/kanapinekrautuvele.lt\/en\/wp-json\/wp\/v2\/media?parent=1412"}],"wp:term":[{"taxonomy":"product_brand","embeddable":true,"href":"https:\/\/kanapinekrautuvele.lt\/en\/wp-json\/wp\/v2\/product_brand?post=1412"},{"taxonomy":"product_cat","embeddable":true,"href":"https:\/\/kanapinekrautuvele.lt\/en\/wp-json\/wp\/v2\/product_cat?post=1412"},{"taxonomy":"product_tag","embeddable":true,"href":"https:\/\/kanapinekrautuvele.lt\/en\/wp-json\/wp\/v2\/product_tag?post=1412"}],"curies":[{"name":"wp","href":"https:\/\/api.w.org\/{rel}","templated":true}]}}