{"id":619,"date":"2023-12-13T09:49:13","date_gmt":"2023-12-13T07:49:13","guid":{"rendered":"https:\/\/kanapinekrautuvele.lt\/?post_type=product&#038;p=619"},"modified":"2025-11-17T22:01:48","modified_gmt":"2025-11-17T20:01:48","slug":"cbd-ranku-kremas","status":"publish","type":"product","link":"https:\/\/kanapinekrautuvele.lt\/en\/product\/cbd-ranku-kremas\/","title":{"rendered":"CBD Hand Cream"},"content":{"rendered":"<p><strong>Ingredients <\/strong><\/p>\n<p>Water, Glycerin, Cannabis Sativa Seed Oil, Simmondsia Chinensis Seed Oil, CarthamusTinctorius Seed Oil, Ricinus Communis Seed Oil, Cetearyl Alcohol, Glyceryl Citrate\/Lactate\/Linoleate\/Oleate, Glyceryl Stearate SE, Panthenol, Urea, Tocopherol, Cannabidiol derived from hemp extract, tincture or resin, Sodium Benzoate, Potassium Sorbate, Xanthan Gum, Citrus Grandis Peel Oil, Citric Acid, *Limonene<\/p>\n<p><strong>*Naturally occurring in essential oils<\/strong><\/p>\n<p><strong>\u00a0<\/strong><\/p>\n<p><strong>Ingredients of natural origin 95.725%<\/strong><\/p>\n<p><strong>\u00a0<\/strong><\/p>\n<p><strong>Instructions for use <\/strong><\/p>\n<ol>\n<li style=\"list-style-type: none;\">\n<ol>\n<li>Apply a small amount of CBD hand cream to clean hands<\/li>\n<li>Gently massage the cream in, focusing on dry and tired areas<\/li>\n<li>Allow the cream to fully absorb into your skin, providing instant relief and hydration<\/li>\n<li>Use throughout the day to maintain soft, softened and rejuvenated hands<\/li>\n<\/ol>\n<\/li>\n<\/ol>","protected":false},"excerpt":{"rendered":"<p>Sud\u0117tis Vanduo, glicerinas, Cannabis Sativa s\u0117kl\u0173 aliejus, Simmondsia Chinensis s\u0117kl\u0173 aliejus, CarthamusTinctorius s\u0117kl\u0173 aliejus, Ricinus Communis s\u0117kl\u0173 aliejus, cetearilo alkoholis, glicerilo citratas \/ laktatas \/ linoleatas \/ oleatas, glicerilo stearatas SE, pantenolis, karbamidas, tokoferolis, kanabidiolis, gautas i\u0161 kanapi\u0173 ekstrakto, tinkt\u016bros ar dervos, natrio benzoatas, kalio sorbatas, ksantano derva, Citrus Grandis \u017eievel\u0117s aliejus, citrinos r\u016bg\u0161tis, *limonenas [&hellip;]<\/p>\n","protected":false},"featured_media":622,"comment_status":"open","ping_status":"closed","template":"","meta":{"_acf_changed":false,"_seopress_robots_primary_cat":"none","_seopress_titles_title":"","_seopress_titles_desc":"","_seopress_robots_index":"","_seopress_analysis_target_kw":""},"product_brand":[],"product_cat":[32,20],"product_tag":[],"class_list":{"0":"post-619","1":"product","2":"type-product","3":"status-publish","4":"has-post-thumbnail","6":"product_cat-cbd-kosmetika","7":"product_cat-visi-produktai","9":"first","10":"instock","11":"shipping-taxable","12":"purchasable","13":"product-type-simple"},"acf":[],"_links":{"self":[{"href":"https:\/\/kanapinekrautuvele.lt\/en\/wp-json\/wp\/v2\/product\/619","targetHints":{"allow":["GET"]}}],"collection":[{"href":"https:\/\/kanapinekrautuvele.lt\/en\/wp-json\/wp\/v2\/product"}],"about":[{"href":"https:\/\/kanapinekrautuvele.lt\/en\/wp-json\/wp\/v2\/types\/product"}],"replies":[{"embeddable":true,"href":"https:\/\/kanapinekrautuvele.lt\/en\/wp-json\/wp\/v2\/comments?post=619"}],"wp:featuredmedia":[{"embeddable":true,"href":"https:\/\/kanapinekrautuvele.lt\/en\/wp-json\/wp\/v2\/media\/622"}],"wp:attachment":[{"href":"https:\/\/kanapinekrautuvele.lt\/en\/wp-json\/wp\/v2\/media?parent=619"}],"wp:term":[{"taxonomy":"product_brand","embeddable":true,"href":"https:\/\/kanapinekrautuvele.lt\/en\/wp-json\/wp\/v2\/product_brand?post=619"},{"taxonomy":"product_cat","embeddable":true,"href":"https:\/\/kanapinekrautuvele.lt\/en\/wp-json\/wp\/v2\/product_cat?post=619"},{"taxonomy":"product_tag","embeddable":true,"href":"https:\/\/kanapinekrautuvele.lt\/en\/wp-json\/wp\/v2\/product_tag?post=619"}],"curies":[{"name":"wp","href":"https:\/\/api.w.org\/{rel}","templated":true}]}}