{"id":623,"date":"2023-12-13T09:48:50","date_gmt":"2023-12-13T07:48:50","guid":{"rendered":"https:\/\/kanapinekrautuvele.lt\/?post_type=product&#038;p=623"},"modified":"2023-12-13T09:48:50","modified_gmt":"2023-12-13T07:48:50","slug":"cbd-hialurono-veido-serumas","status":"publish","type":"product","link":"https:\/\/kanapinekrautuvele.lt\/en\/product\/cbd-hialurono-veido-serumas\/","title":{"rendered":"CBD Hyaluronic Facial Serum"},"content":{"rendered":"<p><strong>Ingredients<\/strong><\/p>\n<p>Water, Cannabis Sativa leaf\/stem water, Aloe Barbadensis leaf juice, glycerin, sodium hyaluronate, cannabidiol derived from cannabis extract, tincture or resin, caprylic\/capric triglyceride, pectin, phenethyl alcohol, Cucumis Sativus extract, xanthan gum, sodium phytate, carrageenan, caprylyl glycol, amylopectin, pentyleneglycol, LithothamnionCalcareum extract, lactic acid, sodium benzoate, potassium sorbate, citric acid.<\/p>\n<p><strong>*according to ISO 16128 standard<\/strong><\/p>\n<p><strong>Instructions for use<\/strong><\/p>\n<ol>\n<li>Thoroughly moisten your face with the facial cleanser and pat dry.<\/li>\n<li>Apply a small amount of the serum to the fingertips.<\/li>\n<li>Gently massage the serum into the face and neck.<\/li>\n<li>Allow the serum to fully absorb into the skin for best results<\/li>\n<li>Feel the easy and fast-absorbing formula that deeply hydrates your skin and increases its elasticity<\/li>\n<li>Use daily, morning and night, to maintain a refreshed and radiant complexion.<\/li>\n<\/ol>","protected":false},"excerpt":{"rendered":"<p>Sud\u0117tis Vanduo, Cannabis Sativa lap\u0173\/stieb\u0173 vanduo, Aloe Barbadensis lap\u0173 sultys, glicerinas, natrio hialuronatas, kanabidiolis, gautas i\u0161 kanapi\u0173 ekstrakto, tinkt\u016bros ar dervos, kaprilo\/kapriko trigliceridas, pektinas, fenetilo alkoholis, Cucumis Sativus ekstraktas, ksantano derva, natrio fitatas, karagenanas, kaprilinis glikolis, amilopektinas, pentilen glikolis, LithothamnionCalcareum ekstraktas, pieno r\u016bg\u0161tis, natrio benzoatas, kalio sorbatas, citrin\u0173 r\u016bg\u0161tis. *pagal ISO 16128 standart\u0105 Naudojimo instrukcija [&hellip;]<\/p>\n","protected":false},"featured_media":626,"comment_status":"open","ping_status":"closed","template":"","meta":{"_acf_changed":false,"_seopress_robots_primary_cat":"none","_seopress_titles_title":"","_seopress_titles_desc":"","_seopress_robots_index":"","_seopress_analysis_target_kw":""},"product_brand":[],"product_cat":[32,20],"product_tag":[],"class_list":{"0":"post-623","1":"product","2":"type-product","3":"status-publish","4":"has-post-thumbnail","6":"product_cat-cbd-kosmetika","7":"product_cat-visi-produktai","9":"first","10":"instock","11":"shipping-taxable","12":"purchasable","13":"product-type-simple"},"acf":[],"_links":{"self":[{"href":"https:\/\/kanapinekrautuvele.lt\/en\/wp-json\/wp\/v2\/product\/623","targetHints":{"allow":["GET"]}}],"collection":[{"href":"https:\/\/kanapinekrautuvele.lt\/en\/wp-json\/wp\/v2\/product"}],"about":[{"href":"https:\/\/kanapinekrautuvele.lt\/en\/wp-json\/wp\/v2\/types\/product"}],"replies":[{"embeddable":true,"href":"https:\/\/kanapinekrautuvele.lt\/en\/wp-json\/wp\/v2\/comments?post=623"}],"wp:featuredmedia":[{"embeddable":true,"href":"https:\/\/kanapinekrautuvele.lt\/en\/wp-json\/wp\/v2\/media\/626"}],"wp:attachment":[{"href":"https:\/\/kanapinekrautuvele.lt\/en\/wp-json\/wp\/v2\/media?parent=623"}],"wp:term":[{"taxonomy":"product_brand","embeddable":true,"href":"https:\/\/kanapinekrautuvele.lt\/en\/wp-json\/wp\/v2\/product_brand?post=623"},{"taxonomy":"product_cat","embeddable":true,"href":"https:\/\/kanapinekrautuvele.lt\/en\/wp-json\/wp\/v2\/product_cat?post=623"},{"taxonomy":"product_tag","embeddable":true,"href":"https:\/\/kanapinekrautuvele.lt\/en\/wp-json\/wp\/v2\/product_tag?post=623"}],"curies":[{"name":"wp","href":"https:\/\/api.w.org\/{rel}","templated":true}]}}