{"id":627,"date":"2023-12-13T09:48:13","date_gmt":"2023-12-13T07:48:13","guid":{"rendered":"https:\/\/kanapinekrautuvele.lt\/?post_type=product&#038;p=627"},"modified":"2023-12-13T09:48:13","modified_gmt":"2023-12-13T07:48:13","slug":"cbd-veido-prausiklis","status":"publish","type":"product","link":"https:\/\/kanapinekrautuvele.lt\/en\/product\/cbd-veido-prausiklis\/","title":{"rendered":"CBD facial cleanser"},"content":{"rendered":"<p><strong>Component<\/strong><\/p>\n<p>Caprylic\/capric triglyceride, glycerine, water, volcanic sand, Quillaja Saponaria tree extract, cannabidiol - derived from cannabis extract, tincture or resin, perfume, Saponaria Officinalis leaf\/root extract, *limonene, *linalool.<\/p>\n<p><strong>\u00a0<\/strong><\/p>\n<p><strong>*Naturally found in essential oils<\/strong><\/p>\n<p><strong>Ingredients of natural origin 100%<\/strong><\/p>\n<p><strong>Instructions for use<\/strong><\/p>\n<ol>\n<li>Start with a clean face.<\/li>\n<li>Apply a small amount of CBD Facial Scrub to wet fingertips.<\/li>\n<li>Gently massage the cleanser in a circular motion, avoiding the eye strings.<\/li>\n<li>Pay attention to areas where dead skin may collect, such as the forehead, nose and chin.<\/li>\n<li>Wash thoroughly with warm water.<\/li>\n<li>Dry your face with a towel.<\/li>\n<\/ol>\n<p>&nbsp;<\/p>","protected":false},"excerpt":{"rendered":"<p>Sudedamoji dalis Kaprilo\/kapriko trigliceridas, glicerinas, vanduo, vulkaninis sm\u0117lis, Quillaja Saponaria med\u017eio ekstraktas, kanabidiolis \u2013 gautas i\u0161 kanapi\u0173 ekstrakto, tinkt\u016bros ar dervos, parfum, Saponaria Officinalis lap\u0173\/\u0161akn\u0173 ekstraktas, *limonenas, *linalolis. \u00a0 *Nat\u016braliai randami eteriniuose aliejuose Nat\u016bralios kilm\u0117s ingridientai 100% Naudojimo instrukcija Prad\u0117kite su \u0161variai nupraustu veidu. U\u017etepkite nedidel\u012f kiek\u012f CBD Veido \u0160veitiklio ant sudr\u0117kint\u0173 pir\u0161t\u0173 galiuk\u0173. \u0160velniai [&hellip;]<\/p>\n","protected":false},"featured_media":630,"comment_status":"open","ping_status":"closed","template":"","meta":{"_acf_changed":false,"_seopress_robots_primary_cat":"none","_seopress_titles_title":"","_seopress_titles_desc":"","_seopress_robots_index":"","_seopress_analysis_target_kw":""},"product_brand":[],"product_cat":[32,20],"product_tag":[],"class_list":{"0":"post-627","1":"product","2":"type-product","3":"status-publish","4":"has-post-thumbnail","6":"product_cat-cbd-kosmetika","7":"product_cat-visi-produktai","9":"first","10":"instock","11":"shipping-taxable","12":"purchasable","13":"product-type-simple"},"acf":[],"_links":{"self":[{"href":"https:\/\/kanapinekrautuvele.lt\/en\/wp-json\/wp\/v2\/product\/627","targetHints":{"allow":["GET"]}}],"collection":[{"href":"https:\/\/kanapinekrautuvele.lt\/en\/wp-json\/wp\/v2\/product"}],"about":[{"href":"https:\/\/kanapinekrautuvele.lt\/en\/wp-json\/wp\/v2\/types\/product"}],"replies":[{"embeddable":true,"href":"https:\/\/kanapinekrautuvele.lt\/en\/wp-json\/wp\/v2\/comments?post=627"}],"wp:featuredmedia":[{"embeddable":true,"href":"https:\/\/kanapinekrautuvele.lt\/en\/wp-json\/wp\/v2\/media\/630"}],"wp:attachment":[{"href":"https:\/\/kanapinekrautuvele.lt\/en\/wp-json\/wp\/v2\/media?parent=627"}],"wp:term":[{"taxonomy":"product_brand","embeddable":true,"href":"https:\/\/kanapinekrautuvele.lt\/en\/wp-json\/wp\/v2\/product_brand?post=627"},{"taxonomy":"product_cat","embeddable":true,"href":"https:\/\/kanapinekrautuvele.lt\/en\/wp-json\/wp\/v2\/product_cat?post=627"},{"taxonomy":"product_tag","embeddable":true,"href":"https:\/\/kanapinekrautuvele.lt\/en\/wp-json\/wp\/v2\/product_tag?post=627"}],"curies":[{"name":"wp","href":"https:\/\/api.w.org\/{rel}","templated":true}]}}