{"id":680,"date":"2024-02-23T16:05:00","date_gmt":"2024-02-23T14:05:00","guid":{"rendered":"https:\/\/kanapinekrautuvele.lt\/?post_type=product&#038;p=680"},"modified":"2025-11-27T21:23:26","modified_gmt":"2025-11-27T19:23:26","slug":"pluostines-kanapes-ziedai-lemon-cbg","status":"publish","type":"product","link":"https:\/\/kanapinekrautuvele.lt\/en\/product\/pluostines-kanapes-ziedai-lemon-cbg\/","title":{"rendered":"Pluo\u0161tin\u0117s kanap\u0117s \u017eiedai \"Lemon CBG\" 1g"},"content":{"rendered":"<p>Blossoms grown in Italy, planted and harvested by hand.<\/p>\n<p><strong>Quantity:<\/strong> 1 g.<br \/>\n<strong>CBG concentration:<\/strong>\u00a08 %<\/p>","protected":false},"excerpt":{"rendered":"<p>Italijoje u\u017eauginti \u017eiedai, sodinti ir surinkti rankomis. Kiekis: 1 g. CBG koncentracija:\u00a08 %<\/p>","protected":false},"featured_media":637,"comment_status":"open","ping_status":"closed","template":"","meta":{"_acf_changed":false,"_seopress_robots_primary_cat":"none","_seopress_titles_title":"","_seopress_titles_desc":"","_seopress_robots_index":""},"product_brand":[],"product_cat":[35,37,20],"product_tag":[],"class_list":{"0":"post-680","1":"product","2":"type-product","3":"status-publish","4":"has-post-thumbnail","6":"product_cat-cbg-ziedai","7":"product_cat-pluostines-kanapes-ziedai","8":"product_cat-visi-produktai","10":"first","11":"instock","12":"shipping-taxable","13":"purchasable","14":"product-type-simple"},"acf":[],"_links":{"self":[{"href":"https:\/\/kanapinekrautuvele.lt\/en\/wp-json\/wp\/v2\/product\/680","targetHints":{"allow":["GET"]}}],"collection":[{"href":"https:\/\/kanapinekrautuvele.lt\/en\/wp-json\/wp\/v2\/product"}],"about":[{"href":"https:\/\/kanapinekrautuvele.lt\/en\/wp-json\/wp\/v2\/types\/product"}],"replies":[{"embeddable":true,"href":"https:\/\/kanapinekrautuvele.lt\/en\/wp-json\/wp\/v2\/comments?post=680"}],"wp:featuredmedia":[{"embeddable":true,"href":"https:\/\/kanapinekrautuvele.lt\/en\/wp-json\/wp\/v2\/media\/637"}],"wp:attachment":[{"href":"https:\/\/kanapinekrautuvele.lt\/en\/wp-json\/wp\/v2\/media?parent=680"}],"wp:term":[{"taxonomy":"product_brand","embeddable":true,"href":"https:\/\/kanapinekrautuvele.lt\/en\/wp-json\/wp\/v2\/product_brand?post=680"},{"taxonomy":"product_cat","embeddable":true,"href":"https:\/\/kanapinekrautuvele.lt\/en\/wp-json\/wp\/v2\/product_cat?post=680"},{"taxonomy":"product_tag","embeddable":true,"href":"https:\/\/kanapinekrautuvele.lt\/en\/wp-json\/wp\/v2\/product_tag?post=680"}],"curies":[{"name":"wp","href":"https:\/\/api.w.org\/{rel}","templated":true}]}}