{"id":938,"date":"2025-04-17T03:33:03","date_gmt":"2025-04-17T00:33:03","guid":{"rendered":"https:\/\/kanapinekrautuvele.lt\/?post_type=product&#038;p=938"},"modified":"2025-04-17T03:33:34","modified_gmt":"2025-04-17T00:33:34","slug":"melynasis-lotosas-1g","status":"publish","type":"product","link":"https:\/\/kanapinekrautuvele.lt\/en\/product\/melynasis-lotosas-1g\/","title":{"rendered":"Blue Lotus"},"content":{"rendered":"<p>The blue lotus is a plant revered in ancient Egypt as a symbol of resurrection and upliftment of consciousness. The flowers have a relaxing, mood-enhancing effect. Lotus is believed to help with pain, digestive and sleep problems. Tea made from the blossom can promote lucid dreams.<\/p>\n<p><strong>Quantity: <\/strong>1g<\/p>\n<p><strong>Consumption:<\/strong> It is recommended to pour about 250ml of boiling water over 1g of blue lotus flowers. After 5-10 minutes the tea is ready.<\/p>","protected":false},"excerpt":{"rendered":"<p>M\u0117lynasis lotosas \u2014 senov\u0117s Egipte garbintas augalas, simbolizuojantis prisik\u0117lim\u0105 ir s\u0105mon\u0117s pakyl\u0117jim\u0105. \u017diedai pasi\u017eymi atpalaiduojan\u010diu, nuotaik\u0105 gerinan\u010diu poveikiu. Manoma, kad lotosas gali pad\u0117ti esant skausmui, vir\u0161kinimo ir miego sutrikimams. Arbata i\u0161 \u017eied\u0173 gali skatinti ry\u0161kius sapnus. Kiekis: 1g Vartojimas: 1g m\u0117lynojo lotoso \u017eied\u0173 rekomenduojama u\u017epilti apie 250ml verdan\u010dio vandens. Po 5-10 minu\u010di\u0173 arbata paruo\u0161ta.<\/p>","protected":false},"featured_media":941,"comment_status":"open","ping_status":"closed","template":"","meta":{"_acf_changed":false,"_seopress_robots_primary_cat":"none","_seopress_titles_title":"","_seopress_titles_desc":"","_seopress_robots_index":"","_seopress_analysis_target_kw":""},"product_brand":[],"product_cat":[31,20],"product_tag":[],"class_list":{"0":"post-938","1":"product","2":"type-product","3":"status-publish","4":"has-post-thumbnail","6":"product_cat-arbata","7":"product_cat-visi-produktai","9":"first","10":"instock","11":"shipping-taxable","12":"purchasable","13":"product-type-simple"},"acf":[],"_links":{"self":[{"href":"https:\/\/kanapinekrautuvele.lt\/en\/wp-json\/wp\/v2\/product\/938","targetHints":{"allow":["GET"]}}],"collection":[{"href":"https:\/\/kanapinekrautuvele.lt\/en\/wp-json\/wp\/v2\/product"}],"about":[{"href":"https:\/\/kanapinekrautuvele.lt\/en\/wp-json\/wp\/v2\/types\/product"}],"replies":[{"embeddable":true,"href":"https:\/\/kanapinekrautuvele.lt\/en\/wp-json\/wp\/v2\/comments?post=938"}],"wp:featuredmedia":[{"embeddable":true,"href":"https:\/\/kanapinekrautuvele.lt\/en\/wp-json\/wp\/v2\/media\/941"}],"wp:attachment":[{"href":"https:\/\/kanapinekrautuvele.lt\/en\/wp-json\/wp\/v2\/media?parent=938"}],"wp:term":[{"taxonomy":"product_brand","embeddable":true,"href":"https:\/\/kanapinekrautuvele.lt\/en\/wp-json\/wp\/v2\/product_brand?post=938"},{"taxonomy":"product_cat","embeddable":true,"href":"https:\/\/kanapinekrautuvele.lt\/en\/wp-json\/wp\/v2\/product_cat?post=938"},{"taxonomy":"product_tag","embeddable":true,"href":"https:\/\/kanapinekrautuvele.lt\/en\/wp-json\/wp\/v2\/product_tag?post=938"}],"curies":[{"name":"wp","href":"https:\/\/api.w.org\/{rel}","templated":true}]}}