{"id":944,"date":"2025-04-17T03:35:16","date_gmt":"2025-04-17T00:35:16","guid":{"rendered":"https:\/\/kanapinekrautuvele.lt\/?post_type=product&#038;p=944"},"modified":"2025-04-17T03:35:16","modified_gmt":"2025-04-17T00:35:16","slug":"naktinis-veido-kremas-su-cbd","status":"publish","type":"product","link":"https:\/\/kanapinekrautuvele.lt\/en\/product\/naktinis-veido-kremas-su-cbd\/","title":{"rendered":"Night face cream with CBD"},"content":{"rendered":"<div>\n<p><strong>Instructions for use:<\/strong><\/p>\n<p>Thoroughly moisten your face with the facial cleanser and pat dry.<br \/>\nApply a small amount of the cream to the fingertips.<br \/>\nGently massage the cream into the face and neck.<br \/>\nAllow the cream to fully absorb into the skin for best results<br \/>\nFeel the easy and fast-absorbing formula that deeply hydrates your skin and increases its elasticity<br \/>\nUse daily, in the morning to maintain a refreshed and radiant complexion.<\/p>\n<\/div>\n<div><\/div>\n<div><strong>Composition:<\/strong><\/div>\n<p>Water, Aloe Barbadensis leaf juice, Shea butter, Glycerol stearate SE,<br \/>\nGlycerin, Caprylic\/Capric Triglyceride, Cetearyl Alcohol, Chinese Jojoba Seed<br \/>\noil, squalene, Carthamus tinctorius seed oil, glycerol citrate\/lactate\/<br \/>\nLinoleate\/Oleate Cannabinol - derived from cannabis extract, tincture or resin,<br \/>\ntocopherol, sodium hyaluronate, sodium benzoate, potassium sorbate, xanthan gum, lemon<br \/>\nacid.<\/p>\n<p>Ingredients of natural origin *98.825%<\/p>","protected":false},"excerpt":{"rendered":"<p>Naudojimo instrukcija: Kruop\u0161\u010diai sudr\u0117kinkite veid\u0105 veido valikliu ir nusausinkite. U\u017etepkite nedidel\u012f kremo kiek\u012f ant pir\u0161t\u0173 galiuk\u0173. \u0160velniai \u012fmasa\u017euokite krem\u0105 veido ir kaklo srityse. Leiskite kremui pilnai \u012fsigerti \u012f od\u0105 norint pasiekti geriausius rezultatus Pajauskite lengvai ir greitai \u012fsigerian\u010di\u0105 formul\u0119, kuri giliai dr\u0117kina j\u016bs\u0173 od\u0105 ir padidina jos elastingum\u0105 Naudokite kasdien, ryte, jog palaikytum\u0117te atgaiv\u0105 ir [&hellip;]<\/p>\n","protected":false},"featured_media":943,"comment_status":"open","ping_status":"closed","template":"","meta":{"_acf_changed":false,"_seopress_robots_primary_cat":"","_seopress_titles_title":"","_seopress_titles_desc":"","_seopress_robots_index":"","_seopress_analysis_target_kw":""},"product_brand":[],"product_cat":[32,20],"product_tag":[],"class_list":{"0":"post-944","1":"product","2":"type-product","3":"status-publish","4":"has-post-thumbnail","6":"product_cat-cbd-kosmetika","7":"product_cat-visi-produktai","9":"first","10":"instock","11":"shipping-taxable","12":"purchasable","13":"product-type-simple"},"acf":[],"_links":{"self":[{"href":"https:\/\/kanapinekrautuvele.lt\/en\/wp-json\/wp\/v2\/product\/944","targetHints":{"allow":["GET"]}}],"collection":[{"href":"https:\/\/kanapinekrautuvele.lt\/en\/wp-json\/wp\/v2\/product"}],"about":[{"href":"https:\/\/kanapinekrautuvele.lt\/en\/wp-json\/wp\/v2\/types\/product"}],"replies":[{"embeddable":true,"href":"https:\/\/kanapinekrautuvele.lt\/en\/wp-json\/wp\/v2\/comments?post=944"}],"wp:featuredmedia":[{"embeddable":true,"href":"https:\/\/kanapinekrautuvele.lt\/en\/wp-json\/wp\/v2\/media\/943"}],"wp:attachment":[{"href":"https:\/\/kanapinekrautuvele.lt\/en\/wp-json\/wp\/v2\/media?parent=944"}],"wp:term":[{"taxonomy":"product_brand","embeddable":true,"href":"https:\/\/kanapinekrautuvele.lt\/en\/wp-json\/wp\/v2\/product_brand?post=944"},{"taxonomy":"product_cat","embeddable":true,"href":"https:\/\/kanapinekrautuvele.lt\/en\/wp-json\/wp\/v2\/product_cat?post=944"},{"taxonomy":"product_tag","embeddable":true,"href":"https:\/\/kanapinekrautuvele.lt\/en\/wp-json\/wp\/v2\/product_tag?post=944"}],"curies":[{"name":"wp","href":"https:\/\/api.w.org\/{rel}","templated":true}]}}