{"id":947,"date":"2025-04-17T03:36:09","date_gmt":"2025-04-17T00:36:09","guid":{"rendered":"https:\/\/kanapinekrautuvele.lt\/?post_type=product&#038;p=947"},"modified":"2025-04-17T03:36:09","modified_gmt":"2025-04-17T00:36:09","slug":"dieninis-veido-kremas-su-cbd","status":"publish","type":"product","link":"https:\/\/kanapinekrautuvele.lt\/en\/product\/dieninis-veido-kremas-su-cbd\/","title":{"rendered":"Day face cream with CBD"},"content":{"rendered":"<p><strong>Instructions for use:<\/strong><\/p>\n<p>Thoroughly moisten your face with the facial cleanser and pat dry.<br \/>\nApply a small amount of the cream to the fingertips.<br \/>\nGently massage the cream into the face and neck.<br \/>\nAllow the cream to fully absorb into the skin for best results Feel the easy and fast-absorbing formula that deeply moisturises your skin and increases its elasticity. Use daily, in the evening to maintain a refreshed and radiant complexion.<\/p>\n<p><strong>Composition:<\/strong><\/p>\n<p>Water, Shea Butter, Squalane, Glyceryl Stearate SE, Aloe Vera Leaf Juice, Glycerin, Glycerin Citrate\/Lactate\/Linoleate\/Oleate, Chinese Jojoba Seed Oil, Cetearyl Alcohol, Cannabidiol - derived from the extract, tincture or resin of hemp, Hemp seed oil, Tocopherol, Sodium hyaluronate, Sodium benzoate, Potassium sorbate, Xanthan gum, Citric acid.<\/p>\n<p>Ingredients of natural origin *98.825%<\/p>\n<p>&nbsp;<\/p>","protected":false},"excerpt":{"rendered":"<p>Naudojimo instrukcija: Kruop\u0161\u010diai sudr\u0117kinkite veid\u0105 veido valikliu ir nusausinkite. U\u017etepkite nedidel\u012f kremo kiek\u012f ant pir\u0161t\u0173 galiuk\u0173. \u0160velniai \u012fmasa\u017euokite krem\u0105 veido ir kaklo srityse. Leiskite kremui pilnai \u012fsigerti \u012f od\u0105 norint pasiekti geriausius rezultatus Pajauskite lengvai ir greitai \u012fsigerian\u010di\u0105 formul\u0119, kuri giliai dr\u0117kina j\u016bs\u0173 od\u0105 ir padidina jos elastingum\u0105. Naudokite kasdien, vakare, jog palaikytum\u0117te atgaiv\u0105 ir [&hellip;]<\/p>\n","protected":false},"featured_media":942,"comment_status":"open","ping_status":"closed","template":"","meta":{"_acf_changed":false,"_seopress_robots_primary_cat":"","_seopress_titles_title":"","_seopress_titles_desc":"","_seopress_robots_index":"","_seopress_analysis_target_kw":""},"product_brand":[],"product_cat":[32,20],"product_tag":[],"class_list":{"0":"post-947","1":"product","2":"type-product","3":"status-publish","4":"has-post-thumbnail","6":"product_cat-cbd-kosmetika","7":"product_cat-visi-produktai","9":"first","10":"instock","11":"shipping-taxable","12":"purchasable","13":"product-type-simple"},"acf":[],"_links":{"self":[{"href":"https:\/\/kanapinekrautuvele.lt\/en\/wp-json\/wp\/v2\/product\/947","targetHints":{"allow":["GET"]}}],"collection":[{"href":"https:\/\/kanapinekrautuvele.lt\/en\/wp-json\/wp\/v2\/product"}],"about":[{"href":"https:\/\/kanapinekrautuvele.lt\/en\/wp-json\/wp\/v2\/types\/product"}],"replies":[{"embeddable":true,"href":"https:\/\/kanapinekrautuvele.lt\/en\/wp-json\/wp\/v2\/comments?post=947"}],"wp:featuredmedia":[{"embeddable":true,"href":"https:\/\/kanapinekrautuvele.lt\/en\/wp-json\/wp\/v2\/media\/942"}],"wp:attachment":[{"href":"https:\/\/kanapinekrautuvele.lt\/en\/wp-json\/wp\/v2\/media?parent=947"}],"wp:term":[{"taxonomy":"product_brand","embeddable":true,"href":"https:\/\/kanapinekrautuvele.lt\/en\/wp-json\/wp\/v2\/product_brand?post=947"},{"taxonomy":"product_cat","embeddable":true,"href":"https:\/\/kanapinekrautuvele.lt\/en\/wp-json\/wp\/v2\/product_cat?post=947"},{"taxonomy":"product_tag","embeddable":true,"href":"https:\/\/kanapinekrautuvele.lt\/en\/wp-json\/wp\/v2\/product_tag?post=947"}],"curies":[{"name":"wp","href":"https:\/\/api.w.org\/{rel}","templated":true}]}}